{"id":3996,"date":"2025-11-29T15:31:03","date_gmt":"2025-11-29T15:31:03","guid":{"rendered":"https:\/\/bessammultisolution.com\/product\/aspirateur-balai-sans-fil-puissance-max-70kpa-avec-45min-dautonomie-enchevetrement-pour-maison-reservoir-a-poussiere-de-5072oz-rechargeable-filaire-sans-fil-pour-parquet-moquette-et-poils-dan\/"},"modified":"2025-11-29T15:31:07","modified_gmt":"2025-11-29T15:31:07","slug":"aspirateur-balai-sans-fil-puissance-max-70kpa-avec-45min-dautonomie-enchevetrement-pour-maison-reservoir-a-poussiere-de-5072oz-rechargeable-filaire-sans-fil-pour-parquet-moquette-et-poils-dan","status":"publish","type":"product","link":"https:\/\/bessammultisolution.com\/ar\/product\/aspirateur-balai-sans-fil-puissance-max-70kpa-avec-45min-dautonomie-enchevetrement-pour-maison-reservoir-a-poussiere-de-5072oz-rechargeable-filaire-sans-fil-pour-parquet-moquette-et-poils-dan\/","title":{"rendered":"Aspirateur Balai Sans Fil, Puissance MAX 70Kpa avec 45min d&#8217;Autonomie, -Enchev\u00eatrement pour Maison, R\u00e9servoir \u00e0 Poussi\u00e8re de 50,72oz, Rechargeable Filaire\/Sans Fil pour Parquet, Moquette et Poils d&#8217;Animaux, Aspirateur Sans Fil pour Maison"},"content":{"rendered":"","protected":false},"excerpt":{"rendered":"","protected":false},"featured_media":3997,"comment_status":"open","ping_status":"closed","template":"","meta":{"give_campaign_id":0,"postBodyCss":"","postBodyMargin":[],"postBodyPadding":[],"postBodyBackground":{"backgroundType":"classic","gradient":""},"_kadence_starter_templates_imported_post":false,"_kad_post_transparent":"","_kad_post_title":"","_kad_post_layout":"","_kad_post_sidebar_id":"","_kad_post_content_style":"","_kad_post_vertical_padding":"","_kad_post_feature":"","_kad_post_feature_position":"","_kad_post_header":false,"_kad_post_footer":false,"_kad_post_classname":""},"product_brand":[],"product_cat":[15],"product_tag":[],"class_list":{"0":"post-3996","1":"product","2":"type-product","3":"status-publish","4":"has-post-thumbnail","6":"product_cat-global-products","8":"first","9":"instock","10":"taxable","11":"shipping-taxable","12":"purchasable","13":"product-type-variable","14":"entry","15":"content-bg","16":"loop-entry"},"yoast_head":"<!-- This site is optimized with the Yoast SEO plugin v27.3 - https:\/\/yoast.com\/product\/yoast-seo-wordpress\/ -->\n<title>Aspirateur Balai Sans Fil, Puissance MAX 70Kpa avec 45min d&#039;Autonomie, -Enchev\u00eatrement pour Maison, R\u00e9servoir \u00e0 Poussi\u00e8re de 50,72oz, Rechargeable Filaire\/Sans Fil pour Parquet, Moquette et Poils d&#039;Animaux, Aspirateur Sans Fil pour Maison - Bessam Multisolution<\/title>\n<meta name=\"robots\" content=\"index, follow, max-snippet:-1, max-image-preview:large, max-video-preview:-1\" \/>\n<link rel=\"canonical\" href=\"https:\/\/bessammultisolution.com\/ar\/product\/aspirateur-balai-sans-fil-puissance-max-70kpa-avec-45min-dautonomie-enchevetrement-pour-maison-reservoir-a-poussiere-de-5072oz-rechargeable-filaire-sans-fil-pour-parquet-moquette-et-poils-dan\/\" \/>\n<meta property=\"og:locale\" content=\"ar_AR\" \/>\n<meta property=\"og:type\" content=\"article\" \/>\n<meta property=\"og:title\" content=\"Aspirateur Balai Sans Fil, Puissance MAX 70Kpa avec 45min d&#039;Autonomie, -Enchev\u00eatrement pour Maison, R\u00e9servoir \u00e0 Poussi\u00e8re de 50,72oz, Rechargeable Filaire\/Sans Fil pour Parquet, Moquette et Poils d&#039;Animaux, Aspirateur Sans Fil pour Maison - Bessam Multisolution\" \/>\n<meta property=\"og:url\" content=\"https:\/\/bessammultisolution.com\/ar\/product\/aspirateur-balai-sans-fil-puissance-max-70kpa-avec-45min-dautonomie-enchevetrement-pour-maison-reservoir-a-poussiere-de-5072oz-rechargeable-filaire-sans-fil-pour-parquet-moquette-et-poils-dan\/\" \/>\n<meta property=\"og:site_name\" content=\"Bessam Multisolution\" \/>\n<meta property=\"article:publisher\" content=\"https:\/\/www.facebook.com\/bessamMultisolution.dz\" \/>\n<meta property=\"article:modified_time\" content=\"2025-11-29T15:31:07+00:00\" \/>\n<meta property=\"og:image\" content=\"https:\/\/bessammultisolution.com\/wp-content\/uploads\/2025\/11\/product-fancy-fdcdb77f-1e18-4b4f-a229-cba6eb1d75eb.jpg\" \/>\n\t<meta property=\"og:image:width\" content=\"1600\" \/>\n\t<meta property=\"og:image:height\" content=\"1600\" \/>\n\t<meta property=\"og:image:type\" content=\"image\/jpeg\" \/>\n<meta name=\"twitter:card\" content=\"summary_large_image\" \/>\n<meta name=\"twitter:site\" content=\"@BMultisolu77125\" \/>\n<script type=\"application\/ld+json\" class=\"yoast-schema-graph\">{\"@context\":\"https:\\\/\\\/schema.org\",\"@graph\":[{\"@type\":\"WebPage\",\"@id\":\"https:\\\/\\\/bessammultisolution.com\\\/product\\\/aspirateur-balai-sans-fil-puissance-max-70kpa-avec-45min-dautonomie-enchevetrement-pour-maison-reservoir-a-poussiere-de-5072oz-rechargeable-filaire-sans-fil-pour-parquet-moquette-et-poils-dan\\\/\",\"url\":\"https:\\\/\\\/bessammultisolution.com\\\/product\\\/aspirateur-balai-sans-fil-puissance-max-70kpa-avec-45min-dautonomie-enchevetrement-pour-maison-reservoir-a-poussiere-de-5072oz-rechargeable-filaire-sans-fil-pour-parquet-moquette-et-poils-dan\\\/\",\"name\":\"Aspirateur Balai Sans Fil, Puissance MAX 70Kpa avec 45min d'Autonomie, -Enchev\u00eatrement pour Maison, R\u00e9servoir \u00e0 Poussi\u00e8re de 50,72oz, Rechargeable Filaire\\\/Sans Fil pour Parquet, Moquette et Poils d'Animaux, Aspirateur Sans Fil pour Maison - Bessam Multisolution\",\"isPartOf\":{\"@id\":\"https:\\\/\\\/bessammultisolution.com\\\/#website\"},\"primaryImageOfPage\":{\"@id\":\"https:\\\/\\\/bessammultisolution.com\\\/product\\\/aspirateur-balai-sans-fil-puissance-max-70kpa-avec-45min-dautonomie-enchevetrement-pour-maison-reservoir-a-poussiere-de-5072oz-rechargeable-filaire-sans-fil-pour-parquet-moquette-et-poils-dan\\\/#primaryimage\"},\"image\":{\"@id\":\"https:\\\/\\\/bessammultisolution.com\\\/product\\\/aspirateur-balai-sans-fil-puissance-max-70kpa-avec-45min-dautonomie-enchevetrement-pour-maison-reservoir-a-poussiere-de-5072oz-rechargeable-filaire-sans-fil-pour-parquet-moquette-et-poils-dan\\\/#primaryimage\"},\"thumbnailUrl\":\"https:\\\/\\\/bessammultisolution.com\\\/wp-content\\\/uploads\\\/2025\\\/11\\\/product-fancy-fdcdb77f-1e18-4b4f-a229-cba6eb1d75eb.jpg\",\"datePublished\":\"2025-11-29T15:31:03+00:00\",\"dateModified\":\"2025-11-29T15:31:07+00:00\",\"breadcrumb\":{\"@id\":\"https:\\\/\\\/bessammultisolution.com\\\/product\\\/aspirateur-balai-sans-fil-puissance-max-70kpa-avec-45min-dautonomie-enchevetrement-pour-maison-reservoir-a-poussiere-de-5072oz-rechargeable-filaire-sans-fil-pour-parquet-moquette-et-poils-dan\\\/#breadcrumb\"},\"inLanguage\":\"ar\",\"potentialAction\":[{\"@type\":\"ReadAction\",\"target\":[\"https:\\\/\\\/bessammultisolution.com\\\/product\\\/aspirateur-balai-sans-fil-puissance-max-70kpa-avec-45min-dautonomie-enchevetrement-pour-maison-reservoir-a-poussiere-de-5072oz-rechargeable-filaire-sans-fil-pour-parquet-moquette-et-poils-dan\\\/\"]}]},{\"@type\":\"ImageObject\",\"inLanguage\":\"ar\",\"@id\":\"https:\\\/\\\/bessammultisolution.com\\\/product\\\/aspirateur-balai-sans-fil-puissance-max-70kpa-avec-45min-dautonomie-enchevetrement-pour-maison-reservoir-a-poussiere-de-5072oz-rechargeable-filaire-sans-fil-pour-parquet-moquette-et-poils-dan\\\/#primaryimage\",\"url\":\"https:\\\/\\\/bessammultisolution.com\\\/wp-content\\\/uploads\\\/2025\\\/11\\\/product-fancy-fdcdb77f-1e18-4b4f-a229-cba6eb1d75eb.jpg\",\"contentUrl\":\"https:\\\/\\\/bessammultisolution.com\\\/wp-content\\\/uploads\\\/2025\\\/11\\\/product-fancy-fdcdb77f-1e18-4b4f-a229-cba6eb1d75eb.jpg\",\"width\":1600,\"height\":1600},{\"@type\":\"BreadcrumbList\",\"@id\":\"https:\\\/\\\/bessammultisolution.com\\\/product\\\/aspirateur-balai-sans-fil-puissance-max-70kpa-avec-45min-dautonomie-enchevetrement-pour-maison-reservoir-a-poussiere-de-5072oz-rechargeable-filaire-sans-fil-pour-parquet-moquette-et-poils-dan\\\/#breadcrumb\",\"itemListElement\":[{\"@type\":\"ListItem\",\"position\":1,\"name\":\"Home\",\"item\":\"https:\\\/\\\/bessammultisolution.com\\\/\"},{\"@type\":\"ListItem\",\"position\":2,\"name\":\"Shop\",\"item\":\"https:\\\/\\\/bessammultisolution.com\\\/shop\\\/\"},{\"@type\":\"ListItem\",\"position\":3,\"name\":\"Aspirateur Balai Sans Fil, Puissance MAX 70Kpa avec 45min d&#8217;Autonomie, -Enchev\u00eatrement pour Maison, R\u00e9servoir \u00e0 Poussi\u00e8re de 50,72oz, Rechargeable Filaire\\\/Sans Fil pour Parquet, Moquette et Poils d&#8217;Animaux, Aspirateur Sans Fil pour Maison\"}]},{\"@type\":\"WebSite\",\"@id\":\"https:\\\/\\\/bessammultisolution.com\\\/#website\",\"url\":\"https:\\\/\\\/bessammultisolution.com\\\/\",\"name\":\"Bessam Multisolution\",\"description\":\"\",\"publisher\":{\"@id\":\"https:\\\/\\\/bessammultisolution.com\\\/#organization\"},\"alternateName\":\"Bessam Multisolution\",\"potentialAction\":[{\"@type\":\"SearchAction\",\"target\":{\"@type\":\"EntryPoint\",\"urlTemplate\":\"https:\\\/\\\/bessammultisolution.com\\\/?s={search_term_string}\"},\"query-input\":{\"@type\":\"PropertyValueSpecification\",\"valueRequired\":true,\"valueName\":\"search_term_string\"}}],\"inLanguage\":\"ar\"},{\"@type\":\"Organization\",\"@id\":\"https:\\\/\\\/bessammultisolution.com\\\/#organization\",\"name\":\"Bessam Multisolution\",\"url\":\"https:\\\/\\\/bessammultisolution.com\\\/\",\"logo\":{\"@type\":\"ImageObject\",\"inLanguage\":\"ar\",\"@id\":\"https:\\\/\\\/bessammultisolution.com\\\/#\\\/schema\\\/logo\\\/image\\\/\",\"url\":\"https:\\\/\\\/bessammultisolution.com\\\/wp-content\\\/uploads\\\/2025\\\/11\\\/unnamed-4.png\",\"contentUrl\":\"https:\\\/\\\/bessammultisolution.com\\\/wp-content\\\/uploads\\\/2025\\\/11\\\/unnamed-4.png\",\"width\":1029,\"height\":1016,\"caption\":\"Bessam Multisolution\"},\"image\":{\"@id\":\"https:\\\/\\\/bessammultisolution.com\\\/#\\\/schema\\\/logo\\\/image\\\/\"},\"sameAs\":[\"https:\\\/\\\/www.facebook.com\\\/bessamMultisolution.dz\",\"https:\\\/\\\/x.com\\\/BMultisolu77125\",\"https:\\\/\\\/www.instagram.com\\\/bessammultisolution\",\"https:\\\/\\\/www.tiktok.com\\\/@bessammultisolution\",\"https:\\\/\\\/api.whatsapp.com\\\/send\\\/?phone=213776014321&text&type=phone_number&app_absent=0\",\"https:\\\/\\\/www.youtube.com\\\/@bessammultisolution\"]}]}<\/script>\n<!-- \/ Yoast SEO plugin. -->","yoast_head_json":{"title":"Aspirateur Balai Sans Fil, Puissance MAX 70Kpa avec 45min d'Autonomie, -Enchev\u00eatrement pour Maison, R\u00e9servoir \u00e0 Poussi\u00e8re de 50,72oz, Rechargeable Filaire\/Sans Fil pour Parquet, Moquette et Poils d'Animaux, Aspirateur Sans Fil pour Maison - Bessam Multisolution","robots":{"index":"index","follow":"follow","max-snippet":"max-snippet:-1","max-image-preview":"max-image-preview:large","max-video-preview":"max-video-preview:-1"},"canonical":"https:\/\/bessammultisolution.com\/ar\/product\/aspirateur-balai-sans-fil-puissance-max-70kpa-avec-45min-dautonomie-enchevetrement-pour-maison-reservoir-a-poussiere-de-5072oz-rechargeable-filaire-sans-fil-pour-parquet-moquette-et-poils-dan\/","og_locale":"ar_AR","og_type":"article","og_title":"Aspirateur Balai Sans Fil, Puissance MAX 70Kpa avec 45min d'Autonomie, -Enchev\u00eatrement pour Maison, R\u00e9servoir \u00e0 Poussi\u00e8re de 50,72oz, Rechargeable Filaire\/Sans Fil pour Parquet, Moquette et Poils d'Animaux, Aspirateur Sans Fil pour Maison - Bessam Multisolution","og_url":"https:\/\/bessammultisolution.com\/ar\/product\/aspirateur-balai-sans-fil-puissance-max-70kpa-avec-45min-dautonomie-enchevetrement-pour-maison-reservoir-a-poussiere-de-5072oz-rechargeable-filaire-sans-fil-pour-parquet-moquette-et-poils-dan\/","og_site_name":"Bessam Multisolution","article_publisher":"https:\/\/www.facebook.com\/bessamMultisolution.dz","article_modified_time":"2025-11-29T15:31:07+00:00","og_image":[{"width":1600,"height":1600,"url":"https:\/\/bessammultisolution.com\/wp-content\/uploads\/2025\/11\/product-fancy-fdcdb77f-1e18-4b4f-a229-cba6eb1d75eb.jpg","type":"image\/jpeg"}],"twitter_card":"summary_large_image","twitter_site":"@BMultisolu77125","schema":{"@context":"https:\/\/schema.org","@graph":[{"@type":"WebPage","@id":"https:\/\/bessammultisolution.com\/product\/aspirateur-balai-sans-fil-puissance-max-70kpa-avec-45min-dautonomie-enchevetrement-pour-maison-reservoir-a-poussiere-de-5072oz-rechargeable-filaire-sans-fil-pour-parquet-moquette-et-poils-dan\/","url":"https:\/\/bessammultisolution.com\/product\/aspirateur-balai-sans-fil-puissance-max-70kpa-avec-45min-dautonomie-enchevetrement-pour-maison-reservoir-a-poussiere-de-5072oz-rechargeable-filaire-sans-fil-pour-parquet-moquette-et-poils-dan\/","name":"Aspirateur Balai Sans Fil, Puissance MAX 70Kpa avec 45min d'Autonomie, -Enchev\u00eatrement pour Maison, R\u00e9servoir \u00e0 Poussi\u00e8re de 50,72oz, Rechargeable Filaire\/Sans Fil pour Parquet, Moquette et Poils d'Animaux, Aspirateur Sans Fil pour Maison - Bessam Multisolution","isPartOf":{"@id":"https:\/\/bessammultisolution.com\/#website"},"primaryImageOfPage":{"@id":"https:\/\/bessammultisolution.com\/product\/aspirateur-balai-sans-fil-puissance-max-70kpa-avec-45min-dautonomie-enchevetrement-pour-maison-reservoir-a-poussiere-de-5072oz-rechargeable-filaire-sans-fil-pour-parquet-moquette-et-poils-dan\/#primaryimage"},"image":{"@id":"https:\/\/bessammultisolution.com\/product\/aspirateur-balai-sans-fil-puissance-max-70kpa-avec-45min-dautonomie-enchevetrement-pour-maison-reservoir-a-poussiere-de-5072oz-rechargeable-filaire-sans-fil-pour-parquet-moquette-et-poils-dan\/#primaryimage"},"thumbnailUrl":"https:\/\/bessammultisolution.com\/wp-content\/uploads\/2025\/11\/product-fancy-fdcdb77f-1e18-4b4f-a229-cba6eb1d75eb.jpg","datePublished":"2025-11-29T15:31:03+00:00","dateModified":"2025-11-29T15:31:07+00:00","breadcrumb":{"@id":"https:\/\/bessammultisolution.com\/product\/aspirateur-balai-sans-fil-puissance-max-70kpa-avec-45min-dautonomie-enchevetrement-pour-maison-reservoir-a-poussiere-de-5072oz-rechargeable-filaire-sans-fil-pour-parquet-moquette-et-poils-dan\/#breadcrumb"},"inLanguage":"ar","potentialAction":[{"@type":"ReadAction","target":["https:\/\/bessammultisolution.com\/product\/aspirateur-balai-sans-fil-puissance-max-70kpa-avec-45min-dautonomie-enchevetrement-pour-maison-reservoir-a-poussiere-de-5072oz-rechargeable-filaire-sans-fil-pour-parquet-moquette-et-poils-dan\/"]}]},{"@type":"ImageObject","inLanguage":"ar","@id":"https:\/\/bessammultisolution.com\/product\/aspirateur-balai-sans-fil-puissance-max-70kpa-avec-45min-dautonomie-enchevetrement-pour-maison-reservoir-a-poussiere-de-5072oz-rechargeable-filaire-sans-fil-pour-parquet-moquette-et-poils-dan\/#primaryimage","url":"https:\/\/bessammultisolution.com\/wp-content\/uploads\/2025\/11\/product-fancy-fdcdb77f-1e18-4b4f-a229-cba6eb1d75eb.jpg","contentUrl":"https:\/\/bessammultisolution.com\/wp-content\/uploads\/2025\/11\/product-fancy-fdcdb77f-1e18-4b4f-a229-cba6eb1d75eb.jpg","width":1600,"height":1600},{"@type":"BreadcrumbList","@id":"https:\/\/bessammultisolution.com\/product\/aspirateur-balai-sans-fil-puissance-max-70kpa-avec-45min-dautonomie-enchevetrement-pour-maison-reservoir-a-poussiere-de-5072oz-rechargeable-filaire-sans-fil-pour-parquet-moquette-et-poils-dan\/#breadcrumb","itemListElement":[{"@type":"ListItem","position":1,"name":"Home","item":"https:\/\/bessammultisolution.com\/"},{"@type":"ListItem","position":2,"name":"Shop","item":"https:\/\/bessammultisolution.com\/shop\/"},{"@type":"ListItem","position":3,"name":"Aspirateur Balai Sans Fil, Puissance MAX 70Kpa avec 45min d&#8217;Autonomie, -Enchev\u00eatrement pour Maison, R\u00e9servoir \u00e0 Poussi\u00e8re de 50,72oz, Rechargeable Filaire\/Sans Fil pour Parquet, Moquette et Poils d&#8217;Animaux, Aspirateur Sans Fil pour Maison"}]},{"@type":"WebSite","@id":"https:\/\/bessammultisolution.com\/#website","url":"https:\/\/bessammultisolution.com\/","name":"Bessam Multisolution","description":"","publisher":{"@id":"https:\/\/bessammultisolution.com\/#organization"},"alternateName":"Bessam Multisolution","potentialAction":[{"@type":"SearchAction","target":{"@type":"EntryPoint","urlTemplate":"https:\/\/bessammultisolution.com\/?s={search_term_string}"},"query-input":{"@type":"PropertyValueSpecification","valueRequired":true,"valueName":"search_term_string"}}],"inLanguage":"ar"},{"@type":"Organization","@id":"https:\/\/bessammultisolution.com\/#organization","name":"Bessam Multisolution","url":"https:\/\/bessammultisolution.com\/","logo":{"@type":"ImageObject","inLanguage":"ar","@id":"https:\/\/bessammultisolution.com\/#\/schema\/logo\/image\/","url":"https:\/\/bessammultisolution.com\/wp-content\/uploads\/2025\/11\/unnamed-4.png","contentUrl":"https:\/\/bessammultisolution.com\/wp-content\/uploads\/2025\/11\/unnamed-4.png","width":1029,"height":1016,"caption":"Bessam Multisolution"},"image":{"@id":"https:\/\/bessammultisolution.com\/#\/schema\/logo\/image\/"},"sameAs":["https:\/\/www.facebook.com\/bessamMultisolution.dz","https:\/\/x.com\/BMultisolu77125","https:\/\/www.instagram.com\/bessammultisolution","https:\/\/www.tiktok.com\/@bessammultisolution","https:\/\/api.whatsapp.com\/send\/?phone=213776014321&text&type=phone_number&app_absent=0","https:\/\/www.youtube.com\/@bessammultisolution"]}]}},"jetpack_sharing_enabled":true,"_links":{"self":[{"href":"https:\/\/bessammultisolution.com\/ar\/wp-json\/wp\/v2\/product\/3996","targetHints":{"allow":["GET"]}}],"collection":[{"href":"https:\/\/bessammultisolution.com\/ar\/wp-json\/wp\/v2\/product"}],"about":[{"href":"https:\/\/bessammultisolution.com\/ar\/wp-json\/wp\/v2\/types\/product"}],"replies":[{"embeddable":true,"href":"https:\/\/bessammultisolution.com\/ar\/wp-json\/wp\/v2\/comments?post=3996"}],"wp:featuredmedia":[{"embeddable":true,"href":"https:\/\/bessammultisolution.com\/ar\/wp-json\/wp\/v2\/media\/3997"}],"wp:attachment":[{"href":"https:\/\/bessammultisolution.com\/ar\/wp-json\/wp\/v2\/media?parent=3996"}],"wp:term":[{"taxonomy":"product_brand","embeddable":true,"href":"https:\/\/bessammultisolution.com\/ar\/wp-json\/wp\/v2\/product_brand?post=3996"},{"taxonomy":"product_cat","embeddable":true,"href":"https:\/\/bessammultisolution.com\/ar\/wp-json\/wp\/v2\/product_cat?post=3996"},{"taxonomy":"product_tag","embeddable":true,"href":"https:\/\/bessammultisolution.com\/ar\/wp-json\/wp\/v2\/product_tag?post=3996"}],"curies":[{"name":"wp","href":"https:\/\/api.w.org\/{rel}","templated":true}]}}